{"id":116,"date":"2024-07-30T10:14:44","date_gmt":"2024-07-30T08:14:44","guid":{"rendered":"https:\/\/sit-con.webinatic.at\/?page_id=116"},"modified":"2025-12-26T10:11:41","modified_gmt":"2025-12-26T09:11:41","slug":"lotterie-und-gluecksspiel","status":"publish","type":"page","link":"https:\/\/www.sit-con.com\/en\/lotterie-und-gluecksspiel\/","title":{"rendered":"2 Lotterie und Gl\u00fccksspiel"},"content":{"rendered":"<div data-elementor-type=\"wp-page\" data-elementor-id=\"116\" class=\"elementor elementor-116\" data-elementor-post-type=\"page\">\n\t\t\t\t<div class=\"elementor-element elementor-element-b9e72ca elementor-hidden-desktop elementor-hidden-tablet sc-mobile-herobanner e-flex e-con-boxed e-con e-parent\" data-id=\"b9e72ca\" data-element_type=\"container\" data-settings=\"{&quot;background_background&quot;:&quot;classic&quot;}\">\n\t\t\t\t\t<div class=\"e-con-inner\">\n\t\t\t\t\t<\/div>\n\t\t\t\t<\/div>\n\t\t<div class=\"elementor-element elementor-element-d6242b3 sc-herobanner e-flex e-con-boxed e-con e-parent\" data-id=\"d6242b3\" data-element_type=\"container\" data-settings=\"{&quot;background_background&quot;:&quot;classic&quot;}\">\n\t\t\t\t\t<div class=\"e-con-inner\">\n\t\t\t\t<div class=\"elementor-element elementor-element-4689d2d elementor-widget__width-initial h1-up elementor-widget elementor-widget-heading\" data-id=\"4689d2d\" data-element_type=\"widget\" data-widget_type=\"heading.default\">\n\t\t\t\t<div class=\"elementor-widget-container\">\n\t\t\t\t\t<h1 class=\"elementor-heading-title elementor-size-default\">Lottery and Gaming Sector<\/h1>\t\t\t\t<\/div>\n\t\t\t\t<\/div>\n\t\t\t\t\t<\/div>\n\t\t\t\t<\/div>\n\t\t<div class=\"elementor-element elementor-element-e3d3779 e-flex e-con-boxed e-con e-parent\" data-id=\"e3d3779\" data-element_type=\"container\">\n\t\t\t\t\t<div class=\"e-con-inner\">\n\t\t\t\t<div class=\"elementor-element elementor-element-ca769d9 elementor-widget elementor-widget-text-editor\" data-id=\"ca769d9\" data-element_type=\"widget\" data-widget_type=\"text-editor.default\">\n\t\t\t\t<div class=\"elementor-widget-container\">\n\t\t\t\t\t\t\t\t\t<p>Our second, major specialized service is within the regulated Lottery and Gaming industry. Over 25 years of experience in these areas help us in offering independent consulting and services for governments, lotteries, casinos, suppliers, investors and other corporations or entities.<\/p>\t\t\t\t\t\t\t\t<\/div>\n\t\t\t\t<\/div>\n\t\t\t\t\t<\/div>\n\t\t\t\t<\/div>\n\t\t<div class=\"elementor-element elementor-element-00167d7 page-image-ratio e-flex e-con-boxed e-con e-parent\" data-id=\"00167d7\" data-element_type=\"container\">\n\t\t\t\t\t<div class=\"e-con-inner\">\n\t\t\t\t<div class=\"elementor-element elementor-element-b1fd988 elementor-widget__width-initial elementor-widget elementor-widget-image\" data-id=\"b1fd988\" data-element_type=\"widget\" data-widget_type=\"image.default\">\n\t\t\t\t<div class=\"elementor-widget-container\">\n\t\t\t\t\t\t\t\t\t\t\t\t\t\t\t<img fetchpriority=\"high\" decoding=\"async\" width=\"800\" height=\"521\" src=\"https:\/\/www.sit-con.com\/wp-content\/uploads\/2024\/08\/Download.webp\" class=\"attachment-large size-large wp-image-373\" alt=\"\" srcset=\"https:\/\/www.sit-con.com\/wp-content\/uploads\/2024\/08\/Download.webp 960w, https:\/\/www.sit-con.com\/wp-content\/uploads\/2024\/08\/Download-300x195.webp 300w, https:\/\/www.sit-con.com\/wp-content\/uploads\/2024\/08\/Download-768x500.webp 768w\" sizes=\"(max-width: 800px) 100vw, 800px\" \/>\t\t\t\t\t\t\t\t\t\t\t\t\t\t\t<\/div>\n\t\t\t\t<\/div>\n\t\t<div class=\"elementor-element elementor-element-9086a70 e-con-full e-flex e-con e-child\" data-id=\"9086a70\" data-element_type=\"container\">\n\t\t\t\t<div class=\"elementor-element elementor-element-140eda1 elementor-widget__width-initial elementor-widget elementor-widget-heading\" data-id=\"140eda1\" data-element_type=\"widget\" data-widget_type=\"heading.default\">\n\t\t\t\t<div class=\"elementor-widget-container\">\n\t\t\t\t\t<h2 class=\"elementor-heading-title elementor-size-default\">Lotteries<\/h2>\t\t\t\t<\/div>\n\t\t\t\t<\/div>\n\t\t\t\t<div class=\"elementor-element elementor-element-6fb8f41 elementor-widget elementor-widget-text-editor\" data-id=\"6fb8f41\" data-element_type=\"widget\" data-widget_type=\"text-editor.default\">\n\t\t\t\t<div class=\"elementor-widget-container\">\n\t\t\t\t\t\t\t\t\t<p>Our service spectrum for lotteries is comprehensive, including but not limited to the following areas:<\/p><p>Executive Management, Organizational planning and implementation, Procurement processes of all different types, Bid evaluation, etc., Marketing, Product concepts, positioning and introduction, Commercial and technical analysis and advice, Efficiency analysis, performance reviews and identification of improvement potentials , Concepts, implementation and training for sales structures, Online- and instant ticket game-technologies, internet, telecommunikation, Technical implementation support, quality assurance, acceptance tests, Project management - technical and commercially, Operational support, Security audits, Assessment against Standards, Principles of social responsibility, corporate responsible gaming, Staffing, Human Resources, etc.<\/p><p>Our comprehensive experience and specialization - in cooperation with our partners - permits us offering an unmatched and unique knowledge, covering practically all aspects and requirements within the lottery and gaming business.<\/p>\t\t\t\t\t\t\t\t<\/div>\n\t\t\t\t<\/div>\n\t\t\t\t<\/div>\n\t\t\t\t\t<\/div>\n\t\t\t\t<\/div>\n\t\t<div class=\"elementor-element elementor-element-3437a6b page-image-ratio e-flex e-con-boxed e-con e-parent\" data-id=\"3437a6b\" data-element_type=\"container\" data-settings=\"{&quot;background_background&quot;:&quot;classic&quot;}\">\n\t\t\t\t\t<div class=\"e-con-inner\">\n\t\t<div class=\"elementor-element elementor-element-a84f0ba e-con-full e-flex e-con e-child\" data-id=\"a84f0ba\" data-element_type=\"container\">\n\t\t\t\t<div class=\"elementor-element elementor-element-0ffd61d elementor-widget__width-initial elementor-widget elementor-widget-heading\" data-id=\"0ffd61d\" data-element_type=\"widget\" data-widget_type=\"heading.default\">\n\t\t\t\t<div class=\"elementor-widget-container\">\n\t\t\t\t\t<h2 class=\"elementor-heading-title elementor-size-default\">Casinos<\/h2>\t\t\t\t<\/div>\n\t\t\t\t<\/div>\n\t\t\t\t<div class=\"elementor-element elementor-element-759fb7a elementor-widget elementor-widget-text-editor\" data-id=\"759fb7a\" data-element_type=\"widget\" data-widget_type=\"text-editor.default\">\n\t\t\t\t<div class=\"elementor-widget-container\">\n\t\t\t\t\t\t\t\t\t<p>Our service for the casino business covers procurements and license tenders, the analysis of security processes and overall operational business processes. We have successfully conducted license tenders for casinos, implemented information security processes and prepared casinos for ISO 27001 certification. A pre-requisite for that is comprehensive know-how as well as process and business understanding in the casino area.<\/p><p>In addition, we are familiar with the technology in use and the organizational processes in casinos, so that we are able to offer qualitative consulting on a very high level.<\/p>\t\t\t\t\t\t\t\t<\/div>\n\t\t\t\t<\/div>\n\t\t\t\t<\/div>\n\t\t\t\t<div class=\"elementor-element elementor-element-4ea28be elementor-widget__width-initial elementor-widget elementor-widget-image\" data-id=\"4ea28be\" data-element_type=\"widget\" data-widget_type=\"image.default\">\n\t\t\t\t<div class=\"elementor-widget-container\">\n\t\t\t\t\t\t\t\t\t\t\t\t\t\t\t\t<a href=\"https:\/\/cdn.pixabay.com\/photo\/2015\/10\/23\/15\/28\/game-bank-1003151_960_720.jpg\" target=\"_blank\" rel=\"noopener\">\n\t\t\t\t\t\t\t<img decoding=\"async\" width=\"800\" height=\"533\" src=\"https:\/\/www.sit-con.com\/wp-content\/uploads\/2024\/07\/Download-3.webp\" class=\"attachment-large size-large wp-image-223\" alt=\"\" srcset=\"https:\/\/www.sit-con.com\/wp-content\/uploads\/2024\/07\/Download-3.webp 960w, https:\/\/www.sit-con.com\/wp-content\/uploads\/2024\/07\/Download-3-300x200.webp 300w, https:\/\/www.sit-con.com\/wp-content\/uploads\/2024\/07\/Download-3-768x512.webp 768w\" sizes=\"(max-width: 800px) 100vw, 800px\" \/>\t\t\t\t\t\t\t\t<\/a>\n\t\t\t\t\t\t\t\t\t\t\t\t\t\t\t<\/div>\n\t\t\t\t<\/div>\n\t\t\t\t\t<\/div>\n\t\t\t\t<\/div>\n\t\t<div class=\"elementor-element elementor-element-edcb379 page-image-ratio e-flex e-con-boxed e-con e-parent\" data-id=\"edcb379\" data-element_type=\"container\">\n\t\t\t\t\t<div class=\"e-con-inner\">\n\t\t\t\t<div class=\"elementor-element elementor-element-43856be elementor-widget__width-initial elementor-widget elementor-widget-image\" data-id=\"43856be\" data-element_type=\"widget\" data-widget_type=\"image.default\">\n\t\t\t\t<div class=\"elementor-widget-container\">\n\t\t\t\t\t\t\t\t\t\t\t\t\t\t\t<img decoding=\"async\" width=\"640\" height=\"640\" src=\"https:\/\/www.sit-con.com\/wp-content\/uploads\/2024\/09\/regierungen.webp\" class=\"attachment-large size-large wp-image-457\" alt=\"\" srcset=\"https:\/\/www.sit-con.com\/wp-content\/uploads\/2024\/09\/regierungen.webp 640w, https:\/\/www.sit-con.com\/wp-content\/uploads\/2024\/09\/regierungen-300x300.webp 300w, https:\/\/www.sit-con.com\/wp-content\/uploads\/2024\/09\/regierungen-150x150.webp 150w\" sizes=\"(max-width: 640px) 100vw, 640px\" \/>\t\t\t\t\t\t\t\t\t\t\t\t\t\t\t<\/div>\n\t\t\t\t<\/div>\n\t\t<div class=\"elementor-element elementor-element-350a133 e-con-full e-flex e-con e-child\" data-id=\"350a133\" data-element_type=\"container\">\n\t\t\t\t<div class=\"elementor-element elementor-element-ad50bdb elementor-widget__width-initial elementor-widget elementor-widget-heading\" data-id=\"ad50bdb\" data-element_type=\"widget\" data-widget_type=\"heading.default\">\n\t\t\t\t<div class=\"elementor-widget-container\">\n\t\t\t\t\t<h2 class=\"elementor-heading-title elementor-size-default\">Governments<\/h2>\t\t\t\t<\/div>\n\t\t\t\t<\/div>\n\t\t\t\t<div class=\"elementor-element elementor-element-cd0cb2a elementor-widget elementor-widget-text-editor\" data-id=\"cd0cb2a\" data-element_type=\"widget\" data-widget_type=\"text-editor.default\">\n\t\t\t\t<div class=\"elementor-widget-container\">\n\t\t\t\t\t\t\t\t\t<p>Governments are also amongst our clients. One of the highest priorities of governments is the creation and maintenance of a regulated and controlled gaming market in line with policy and the regulatory framework.\n\nOur offering for governments covers all relevant matters in this regard, including<\/p><p>Feasibility studies, Creation, review or improvements of existing legislation (including taxation matters), Licensing processes, privatizations, Procurement processes including the selection of suitable operators, Creation of organizational structures for monitoring and supervision, Compliance and efficiency reviews of existing operators, Principles and requirements for socially acceptable operations and responsibility, etc.<\/p>\t\t\t\t\t\t\t\t<\/div>\n\t\t\t\t<\/div>\n\t\t\t\t<\/div>\n\t\t\t\t\t<\/div>\n\t\t\t\t<\/div>\n\t\t\t\t<\/div>","protected":false},"excerpt":{"rendered":"<p>Lotterie- und Gl\u00fccksspielbranche Unsere zweite, wesentliche Spezialisierung liegt in der regulierten Lotterie und Gl\u00fccksspielbranche. Mit \u00fcber 25 Jahren Erfahrung in diesen Bereichen bieten wir unabh\u00e4ngige Beratung und Dienstleistungen f\u00fcr Regierungen, Lotterien, Casinos \/ Spielbanken, Lieferanten, Investoren und sonstigen Unternehmen. Lotterien F\u00fcr Lotterien bieten wir ein umfassendes Angebotsspektrum, welches u.a. folgende Schwerpunkte umfasst:\u2028\u2028 Executive Management, Organisationsplanung [&hellip;]<\/p>\n","protected":false},"author":1,"featured_media":0,"parent":0,"menu_order":0,"comment_status":"closed","ping_status":"closed","template":"","meta":{"two_page_speed":[],"footnotes":""},"class_list":["post-116","page","type-page","status-publish","hentry"],"_links":{"self":[{"href":"https:\/\/www.sit-con.com\/en\/wp-json\/wp\/v2\/pages\/116","targetHints":{"allow":["GET"]}}],"collection":[{"href":"https:\/\/www.sit-con.com\/en\/wp-json\/wp\/v2\/pages"}],"about":[{"href":"https:\/\/www.sit-con.com\/en\/wp-json\/wp\/v2\/types\/page"}],"author":[{"embeddable":true,"href":"https:\/\/www.sit-con.com\/en\/wp-json\/wp\/v2\/users\/1"}],"replies":[{"embeddable":true,"href":"https:\/\/www.sit-con.com\/en\/wp-json\/wp\/v2\/comments?post=116"}],"version-history":[{"count":78,"href":"https:\/\/www.sit-con.com\/en\/wp-json\/wp\/v2\/pages\/116\/revisions"}],"predecessor-version":[{"id":1168,"href":"https:\/\/www.sit-con.com\/en\/wp-json\/wp\/v2\/pages\/116\/revisions\/1168"}],"wp:attachment":[{"href":"https:\/\/www.sit-con.com\/en\/wp-json\/wp\/v2\/media?parent=116"}],"curies":[{"name":"wp","href":"https:\/\/api.w.org\/{rel}","templated":true}]}}