{"id":10,"date":"2024-07-29T08:23:46","date_gmt":"2024-07-29T06:23:46","guid":{"rendered":"https:\/\/sit-con.webinatic.at\/?page_id=10"},"modified":"2024-10-01T20:36:16","modified_gmt":"2024-10-01T18:36:16","slug":"home","status":"publish","type":"page","link":"https:\/\/www.sit-con.com\/en\/","title":{"rendered":"1 Home"},"content":{"rendered":"<div data-elementor-type=\"wp-page\" data-elementor-id=\"10\" class=\"elementor elementor-10\" data-elementor-post-type=\"page\">\n\t\t\t\t<div class=\"elementor-element elementor-element-a19c570 elementor-hidden-desktop elementor-hidden-tablet sc-mobile-herobanner e-flex e-con-boxed e-con e-parent\" data-id=\"a19c570\" data-element_type=\"container\" data-settings=\"{&quot;background_background&quot;:&quot;classic&quot;}\">\n\t\t\t\t\t<div class=\"e-con-inner\">\n\t\t\t\t\t<\/div>\n\t\t\t\t<\/div>\n\t\t<div class=\"elementor-element elementor-element-4e47db9 sc-herobanner e-flex e-con-boxed e-con e-parent\" data-id=\"4e47db9\" data-element_type=\"container\" data-settings=\"{&quot;background_background&quot;:&quot;classic&quot;}\">\n\t\t\t\t\t<div class=\"e-con-inner\">\n\t\t\t\t<div class=\"elementor-element elementor-element-196c8db elementor-widget__width-initial elementor-widget elementor-widget-heading\" data-id=\"196c8db\" data-element_type=\"widget\" data-widget_type=\"heading.default\">\n\t\t\t\t<div class=\"elementor-widget-container\">\n\t\t\t\t\t<h1 class=\"elementor-heading-title elementor-size-default\">Specialized Consulting for \nLotteries &amp; Gaming \nas well as \nInformation Security<\/h1>\t\t\t\t<\/div>\n\t\t\t\t<\/div>\n\t\t\t\t<div class=\"elementor-element elementor-element-205998e elementor-widget__width-initial elementor-widget elementor-widget-text-editor\" data-id=\"205998e\" data-element_type=\"widget\" data-widget_type=\"text-editor.default\">\n\t\t\t\t<div class=\"elementor-widget-container\">\n\t\t\t\t\t\t\t\t\t<p>We offer integrated and customised services to help you achieve your business goals efficiently and, above all, securely.<\/p>\t\t\t\t\t\t\t\t<\/div>\n\t\t\t\t<\/div>\n\t\t\t\t\t<\/div>\n\t\t\t\t<\/div>\n\t\t<div class=\"elementor-element elementor-element-d59d8b6 e-flex e-con-boxed e-con e-parent\" data-id=\"d59d8b6\" data-element_type=\"container\">\n\t\t\t\t\t<div class=\"e-con-inner\">\n\t\t\t\t<div class=\"elementor-element elementor-element-e7416e9 elementor-widget__width-initial elementor-widget elementor-widget-heading\" data-id=\"e7416e9\" data-element_type=\"widget\" data-widget_type=\"heading.default\">\n\t\t\t\t<div class=\"elementor-widget-container\">\n\t\t\t\t\t<h2 class=\"elementor-heading-title elementor-size-default\">Our services<\/h2>\t\t\t\t<\/div>\n\t\t\t\t<\/div>\n\t\t\t\t<div class=\"elementor-element elementor-element-91d9d60 elementor-widget__width-initial elementor-widget elementor-widget-text-editor\" data-id=\"91d9d60\" data-element_type=\"widget\" data-widget_type=\"text-editor.default\">\n\t\t\t\t<div class=\"elementor-widget-container\">\n\t\t\t\t\t\t\t\t\t<p>Our internationally active company offers - either directly or with qualified partners - services in the following areas:<\/p>\t\t\t\t\t\t\t\t<\/div>\n\t\t\t\t<\/div>\n\t\t<div class=\"elementor-element elementor-element-eed7422 e-con-full e-flex e-con e-child\" data-id=\"eed7422\" data-element_type=\"container\">\n\t\t<div class=\"elementor-element elementor-element-63e398d e-con-full hmpg-service-card e-flex e-con e-child\" data-id=\"63e398d\" data-element_type=\"container\" data-settings=\"{&quot;background_background&quot;:&quot;classic&quot;}\">\n\t\t<div class=\"elementor-element elementor-element-6752016 e-con-full e-flex e-con e-child\" data-id=\"6752016\" data-element_type=\"container\">\n\t\t\t\t<div class=\"elementor-element elementor-element-7213c07 elementor-widget__width-inherit elementor-widget elementor-widget-image\" data-id=\"7213c07\" data-element_type=\"widget\" data-widget_type=\"image.default\">\n\t\t\t\t<div class=\"elementor-widget-container\">\n\t\t\t\t\t\t\t\t\t\t\t\t\t\t\t<img fetchpriority=\"high\" decoding=\"async\" width=\"800\" height=\"521\" src=\"https:\/\/www.sit-con.com\/wp-content\/uploads\/2024\/08\/Download.webp\" class=\"attachment-large size-large wp-image-373\" alt=\"\" srcset=\"https:\/\/www.sit-con.com\/wp-content\/uploads\/2024\/08\/Download.webp 960w, https:\/\/www.sit-con.com\/wp-content\/uploads\/2024\/08\/Download-300x195.webp 300w, https:\/\/www.sit-con.com\/wp-content\/uploads\/2024\/08\/Download-768x500.webp 768w\" sizes=\"(max-width: 800px) 100vw, 800px\" \/>\t\t\t\t\t\t\t\t\t\t\t\t\t\t\t<\/div>\n\t\t\t\t<\/div>\n\t\t<div class=\"elementor-element elementor-element-1bf86db e-con-full e-flex e-con e-child\" data-id=\"1bf86db\" data-element_type=\"container\">\n\t\t\t\t<div class=\"elementor-element elementor-element-7aba0a0 elementor-widget elementor-widget-heading\" data-id=\"7aba0a0\" data-element_type=\"widget\" data-widget_type=\"heading.default\">\n\t\t\t\t<div class=\"elementor-widget-container\">\n\t\t\t\t\t<h3 class=\"elementor-heading-title elementor-size-default\">Lottery and Gaming Sector<\/h3>\t\t\t\t<\/div>\n\t\t\t\t<\/div>\n\t\t\t\t<div class=\"elementor-element elementor-element-c83e827 elementor-widget elementor-widget-text-editor\" data-id=\"c83e827\" data-element_type=\"widget\" data-widget_type=\"text-editor.default\">\n\t\t\t\t<div class=\"elementor-widget-container\">\n\t\t\t\t\t\t\t\t\t<p>Independent, professional advice and services in the lottery and gaming industry for governments, lotteries, casinos, investors, suppliers and other companies.<\/p>\t\t\t\t\t\t\t\t<\/div>\n\t\t\t\t<\/div>\n\t\t\t\t<\/div>\n\t\t\t\t<\/div>\n\t\t\t\t<div class=\"elementor-element elementor-element-a843eae elementor-align-center elementor-widget elementor-widget-button\" data-id=\"a843eae\" data-element_type=\"widget\" data-widget_type=\"button.default\">\n\t\t\t\t<div class=\"elementor-widget-container\">\n\t\t\t\t\t\t\t\t\t<div class=\"elementor-button-wrapper\">\n\t\t\t\t\t<a class=\"elementor-button elementor-button-link elementor-size-sm\" href=\"\/en\/lotterie-und-gluecksspiel\/\">\n\t\t\t\t\t\t<span class=\"elementor-button-content-wrapper\">\n\t\t\t\t\t\t\t\t\t<span class=\"elementor-button-text\">learn more<\/span>\n\t\t\t\t\t<\/span>\n\t\t\t\t\t<\/a>\n\t\t\t\t<\/div>\n\t\t\t\t\t\t\t\t<\/div>\n\t\t\t\t<\/div>\n\t\t\t\t<\/div>\n\t\t<div class=\"elementor-element elementor-element-998386d e-con-full hmpg-service-card e-flex e-con e-child\" data-id=\"998386d\" data-element_type=\"container\" data-settings=\"{&quot;background_background&quot;:&quot;classic&quot;}\">\n\t\t<div class=\"elementor-element elementor-element-1b044e1 e-con-full e-flex e-con e-child\" data-id=\"1b044e1\" data-element_type=\"container\">\n\t\t\t\t<div class=\"elementor-element elementor-element-f8f312f elementor-widget__width-inherit elementor-widget elementor-widget-image\" data-id=\"f8f312f\" data-element_type=\"widget\" data-widget_type=\"image.default\">\n\t\t\t\t<div class=\"elementor-widget-container\">\n\t\t\t\t\t\t\t\t\t\t\t\t\t\t\t<img decoding=\"async\" width=\"800\" height=\"274\" src=\"https:\/\/www.sit-con.com\/wp-content\/uploads\/2024\/09\/infosec3-1024x351.webp\" class=\"attachment-large size-large wp-image-944\" alt=\"\" srcset=\"https:\/\/www.sit-con.com\/wp-content\/uploads\/2024\/09\/infosec3-1024x351.webp 1024w, https:\/\/www.sit-con.com\/wp-content\/uploads\/2024\/09\/infosec3-300x103.webp 300w, https:\/\/www.sit-con.com\/wp-content\/uploads\/2024\/09\/infosec3-768x263.webp 768w, https:\/\/www.sit-con.com\/wp-content\/uploads\/2024\/09\/infosec3-1536x527.webp 1536w, https:\/\/www.sit-con.com\/wp-content\/uploads\/2024\/09\/infosec3-2048x702.webp 2048w, https:\/\/www.sit-con.com\/wp-content\/uploads\/2024\/09\/infosec3-18x6.webp 18w\" sizes=\"(max-width: 800px) 100vw, 800px\" \/>\t\t\t\t\t\t\t\t\t\t\t\t\t\t\t<\/div>\n\t\t\t\t<\/div>\n\t\t<div class=\"elementor-element elementor-element-b55f94a e-con-full e-flex e-con e-child\" data-id=\"b55f94a\" data-element_type=\"container\">\n\t\t\t\t<div class=\"elementor-element elementor-element-7b75586 elementor-widget elementor-widget-heading\" data-id=\"7b75586\" data-element_type=\"widget\" data-widget_type=\"heading.default\">\n\t\t\t\t<div class=\"elementor-widget-container\">\n\t\t\t\t\t<h3 class=\"elementor-heading-title elementor-size-default\">Information security and Data protection<\/h3>\t\t\t\t<\/div>\n\t\t\t\t<\/div>\n\t\t\t\t<div class=\"elementor-element elementor-element-6533735 elementor-widget elementor-widget-text-editor\" data-id=\"6533735\" data-element_type=\"widget\" data-widget_type=\"text-editor.default\">\n\t\t\t\t<div class=\"elementor-widget-container\">\n\t\t\t\t\t\t\t\t\t<p>Audit, consulting, training and services in the areas of information security, data protection, service management and certification of management systems.<\/p>\t\t\t\t\t\t\t\t<\/div>\n\t\t\t\t<\/div>\n\t\t\t\t<\/div>\n\t\t\t\t<\/div>\n\t\t\t\t<div class=\"elementor-element elementor-element-6ecad03 elementor-align-center elementor-widget elementor-widget-button\" data-id=\"6ecad03\" data-element_type=\"widget\" data-widget_type=\"button.default\">\n\t\t\t\t<div class=\"elementor-widget-container\">\n\t\t\t\t\t\t\t\t\t<div class=\"elementor-button-wrapper\">\n\t\t\t\t\t<a class=\"elementor-button elementor-button-link elementor-size-sm\" href=\"\/en\/informations-und-datensicherheit\/\">\n\t\t\t\t\t\t<span class=\"elementor-button-content-wrapper\">\n\t\t\t\t\t\t\t\t\t<span class=\"elementor-button-text\">learn more<\/span>\n\t\t\t\t\t<\/span>\n\t\t\t\t\t<\/a>\n\t\t\t\t<\/div>\n\t\t\t\t\t\t\t\t<\/div>\n\t\t\t\t<\/div>\n\t\t\t\t<\/div>\n\t\t<div class=\"elementor-element elementor-element-40044c8 e-con-full hmpg-service-card e-flex e-con e-child\" data-id=\"40044c8\" data-element_type=\"container\" data-settings=\"{&quot;background_background&quot;:&quot;classic&quot;}\">\n\t\t<div class=\"elementor-element elementor-element-80c1f79 e-con-full e-flex e-con e-child\" data-id=\"80c1f79\" data-element_type=\"container\">\n\t\t\t\t<div class=\"elementor-element elementor-element-afdc68d elementor-widget__width-inherit elementor-widget elementor-widget-image\" data-id=\"afdc68d\" data-element_type=\"widget\" data-widget_type=\"image.default\">\n\t\t\t\t<div class=\"elementor-widget-container\">\n\t\t\t\t\t\t\t\t\t\t\t\t\t\t\t<img decoding=\"async\" width=\"800\" height=\"448\" src=\"https:\/\/www.sit-con.com\/wp-content\/uploads\/2024\/09\/hp-dienstleistungen-produkte.webp\" class=\"attachment-large size-large wp-image-1081\" alt=\"\" srcset=\"https:\/\/www.sit-con.com\/wp-content\/uploads\/2024\/09\/hp-dienstleistungen-produkte.webp 800w, https:\/\/www.sit-con.com\/wp-content\/uploads\/2024\/09\/hp-dienstleistungen-produkte-300x168.webp 300w, https:\/\/www.sit-con.com\/wp-content\/uploads\/2024\/09\/hp-dienstleistungen-produkte-768x430.webp 768w, https:\/\/www.sit-con.com\/wp-content\/uploads\/2024\/09\/hp-dienstleistungen-produkte-18x10.webp 18w\" sizes=\"(max-width: 800px) 100vw, 800px\" \/>\t\t\t\t\t\t\t\t\t\t\t\t\t\t\t<\/div>\n\t\t\t\t<\/div>\n\t\t<div class=\"elementor-element elementor-element-73569ab e-con-full e-flex e-con e-child\" data-id=\"73569ab\" data-element_type=\"container\">\n\t\t\t\t<div class=\"elementor-element elementor-element-63dd217 elementor-widget elementor-widget-heading\" data-id=\"63dd217\" data-element_type=\"widget\" data-widget_type=\"heading.default\">\n\t\t\t\t<div class=\"elementor-widget-container\">\n\t\t\t\t\t<h3 class=\"elementor-heading-title elementor-size-default\">Other Services<\/h3>\t\t\t\t<\/div>\n\t\t\t\t<\/div>\n\t\t\t\t<div class=\"elementor-element elementor-element-22d61e6 elementor-widget elementor-widget-text-editor\" data-id=\"22d61e6\" data-element_type=\"widget\" data-widget_type=\"text-editor.default\">\n\t\t\t\t<div class=\"elementor-widget-container\">\n\t\t\t\t\t\t\t\t\t<p>Project management, tenders, hardware in general and hardware security, software in general and software security, technical security and software protection solutions.<\/p>\t\t\t\t\t\t\t\t<\/div>\n\t\t\t\t<\/div>\n\t\t\t\t<\/div>\n\t\t\t\t<\/div>\n\t\t<div class=\"elementor-element elementor-element-f765c25 e-con-full buttons-de e-flex e-con e-child\" data-id=\"f765c25\" data-element_type=\"container\">\n\t\t\t\t<div class=\"elementor-element elementor-element-7de2e57 elementor-align-center elementor-widget elementor-widget-button\" data-id=\"7de2e57\" data-element_type=\"widget\" data-widget_type=\"button.default\">\n\t\t\t\t<div class=\"elementor-widget-container\">\n\t\t\t\t\t\t\t\t\t<div class=\"elementor-button-wrapper\">\n\t\t\t\t\t<a class=\"elementor-button elementor-button-link elementor-size-sm\" href=\"\/en\/dienstleistungen\/\">\n\t\t\t\t\t\t<span class=\"elementor-button-content-wrapper\">\n\t\t\t\t\t\t\t\t\t<span class=\"elementor-button-text\">Services<\/span>\n\t\t\t\t\t<\/span>\n\t\t\t\t\t<\/a>\n\t\t\t\t<\/div>\n\t\t\t\t\t\t\t\t<\/div>\n\t\t\t\t<\/div>\n\t\t\t\t<div class=\"elementor-element elementor-element-f962680 elementor-align-center elementor-widget elementor-widget-button\" data-id=\"f962680\" data-element_type=\"widget\" data-widget_type=\"button.default\">\n\t\t\t\t<div class=\"elementor-widget-container\">\n\t\t\t\t\t\t\t\t\t<div class=\"elementor-button-wrapper\">\n\t\t\t\t\t<a class=\"elementor-button elementor-button-link elementor-size-sm\" href=\"\/en\/it-handel\/\">\n\t\t\t\t\t\t<span class=\"elementor-button-content-wrapper\">\n\t\t\t\t\t\t\t\t\t<span class=\"elementor-button-text\">Products<\/span>\n\t\t\t\t\t<\/span>\n\t\t\t\t\t<\/a>\n\t\t\t\t<\/div>\n\t\t\t\t\t\t\t\t<\/div>\n\t\t\t\t<\/div>\n\t\t\t\t<\/div>\n\t\t\t\t<div class=\"elementor-element elementor-element-c1a4b84 elementor-align-center button-en elementor-widget elementor-widget-button\" data-id=\"c1a4b84\" data-element_type=\"widget\" data-widget_type=\"button.default\">\n\t\t\t\t<div class=\"elementor-widget-container\">\n\t\t\t\t\t\t\t\t\t<div class=\"elementor-button-wrapper\">\n\t\t\t\t\t<a class=\"elementor-button elementor-button-link elementor-size-sm\" href=\"\/en\/dienstleistungen\/\">\n\t\t\t\t\t\t<span class=\"elementor-button-content-wrapper\">\n\t\t\t\t\t\t\t\t\t<span class=\"elementor-button-text\">learn more<\/span>\n\t\t\t\t\t<\/span>\n\t\t\t\t\t<\/a>\n\t\t\t\t<\/div>\n\t\t\t\t\t\t\t\t<\/div>\n\t\t\t\t<\/div>\n\t\t\t\t<\/div>\n\t\t\t\t<\/div>\n\t\t\t\t\t<\/div>\n\t\t\t\t<\/div>\n\t\t<div class=\"elementor-element elementor-element-832b179 e-flex e-con-boxed e-con e-parent\" data-id=\"832b179\" data-element_type=\"container\" data-settings=\"{&quot;background_background&quot;:&quot;classic&quot;}\">\n\t\t\t\t\t<div class=\"e-con-inner\">\n\t\t<div class=\"elementor-element elementor-element-7fc2c9a e-con-full e-flex e-con e-child\" data-id=\"7fc2c9a\" data-element_type=\"container\">\n\t\t\t\t<div class=\"elementor-element elementor-element-71a9534 elementor-widget__width-initial elementor-widget elementor-widget-heading\" data-id=\"71a9534\" data-element_type=\"widget\" data-widget_type=\"heading.default\">\n\t\t\t\t<div class=\"elementor-widget-container\">\n\t\t\t\t\t<h2 class=\"elementor-heading-title elementor-size-default\">Our corporate mission<\/h2>\t\t\t\t<\/div>\n\t\t\t\t<\/div>\n\t\t\t\t<div class=\"elementor-element elementor-element-48096bd elementor-widget elementor-widget-text-editor\" data-id=\"48096bd\" data-element_type=\"widget\" data-widget_type=\"text-editor.default\">\n\t\t\t\t<div class=\"elementor-widget-container\">\n\t\t\t\t\t\t\t\t\t<p>\"The Client is in the Middle of our Activities. Our mission is to achieve Highest Client Satisfaction and Success by efficient Performance, on-time Delivery and the Provision of Ongoing Service and Support!\"<\/p>\t\t\t\t\t\t\t\t<\/div>\n\t\t\t\t<\/div>\n\t\t\t\t<\/div>\n\t\t\t\t<div class=\"elementor-element elementor-element-7601f74 elementor-widget__width-initial hmpg-service-card elementor-widget-mobile__width-inherit elementor-widget elementor-widget-image\" data-id=\"7601f74\" data-element_type=\"widget\" data-widget_type=\"image.default\">\n\t\t\t\t<div class=\"elementor-widget-container\">\n\t\t\t\t\t\t\t\t\t\t\t\t\t\t\t<img loading=\"lazy\" decoding=\"async\" width=\"800\" height=\"528\" src=\"https:\/\/www.sit-con.com\/wp-content\/uploads\/2024\/09\/kompass.webp\" class=\"attachment-large size-large wp-image-715\" alt=\"\" srcset=\"https:\/\/www.sit-con.com\/wp-content\/uploads\/2024\/09\/kompass.webp 800w, https:\/\/www.sit-con.com\/wp-content\/uploads\/2024\/09\/kompass-300x198.webp 300w, https:\/\/www.sit-con.com\/wp-content\/uploads\/2024\/09\/kompass-768x507.webp 768w, https:\/\/www.sit-con.com\/wp-content\/uploads\/2024\/09\/kompass-18x12.webp 18w\" sizes=\"(max-width: 800px) 100vw, 800px\" \/>\t\t\t\t\t\t\t\t\t\t\t\t\t\t\t<\/div>\n\t\t\t\t<\/div>\n\t\t\t\t\t<\/div>\n\t\t\t\t<\/div>\n\t\t<div class=\"elementor-element elementor-element-7d28eab e-flex e-con-boxed e-con e-parent\" data-id=\"7d28eab\" data-element_type=\"container\">\n\t\t\t\t\t<div class=\"e-con-inner\">\n\t\t\t\t<div class=\"elementor-element elementor-element-8eb47f4 elementor-widget__width-initial elementor-widget elementor-widget-heading\" data-id=\"8eb47f4\" data-element_type=\"widget\" data-widget_type=\"heading.default\">\n\t\t\t\t<div class=\"elementor-widget-container\">\n\t\t\t\t\t<h2 class=\"elementor-heading-title elementor-size-default\">Our services<\/h2>\t\t\t\t<\/div>\n\t\t\t\t<\/div>\n\t\t\t\t<div class=\"elementor-element elementor-element-070b8fe elementor-widget__width-inherit elementor-widget elementor-widget-text-editor\" data-id=\"070b8fe\" data-element_type=\"widget\" data-widget_type=\"text-editor.default\">\n\t\t\t\t<div class=\"elementor-widget-container\">\n\t\t\t\t\t\t\t\t\t<p>SIT-CON GmbH is an established company from Austria, which was founded at the beginning of 2004 as a sole proprietorship and has been run as a limited company since 2007.<\/p><p>The corporate approach of SIT-CON is to form teams for projects as needed consisting of highly experienced and practical experts, who have worked on many important and high profile projects nationally and internationally. This approach allows for a slim corporate structure while at the same time being able to perform larger projects, which need adequate resources.<\/p>\t\t\t\t\t\t\t\t<\/div>\n\t\t\t\t<\/div>\n\t\t<div class=\"elementor-element elementor-element-674e0dc e-con-full e-flex e-con e-child\" data-id=\"674e0dc\" data-element_type=\"container\">\n\t\t\t\t<div class=\"elementor-element elementor-element-ea395ac elementor-widget elementor-widget-heading\" data-id=\"ea395ac\" data-element_type=\"widget\" data-widget_type=\"heading.default\">\n\t\t\t\t<div class=\"elementor-widget-container\">\n\t\t\t\t\t<h3 class=\"elementor-heading-title elementor-size-default\">Partner:<\/h3>\t\t\t\t<\/div>\n\t\t\t\t<\/div>\n\t\t\t\t<div class=\"elementor-element elementor-element-840e6c4 elementor-widget__width-initial elementor-widget elementor-widget-image\" data-id=\"840e6c4\" data-element_type=\"widget\" data-widget_type=\"image.default\">\n\t\t\t\t<div class=\"elementor-widget-container\">\n\t\t\t\t\t\t\t\t\t\t\t\t\t\t\t\t<a href=\"https:\/\/www.qlot.com\/\" target=\"_blank\" rel=\"noopener\">\n\t\t\t\t\t\t\t<img loading=\"lazy\" decoding=\"async\" width=\"408\" height=\"196\" src=\"https:\/\/www.sit-con.com\/wp-content\/uploads\/2024\/08\/qlot.webp\" class=\"attachment-large size-large wp-image-386\" alt=\"\" srcset=\"https:\/\/www.sit-con.com\/wp-content\/uploads\/2024\/08\/qlot.webp 408w, https:\/\/www.sit-con.com\/wp-content\/uploads\/2024\/08\/qlot-300x144.webp 300w\" sizes=\"(max-width: 408px) 100vw, 408px\" \/>\t\t\t\t\t\t\t\t<\/a>\n\t\t\t\t\t\t\t\t\t\t\t\t\t\t\t<\/div>\n\t\t\t\t<\/div>\n\t\t\t\t<div class=\"elementor-element elementor-element-6bc6c78 elementor-widget__width-initial elementor-widget elementor-widget-image\" data-id=\"6bc6c78\" data-element_type=\"widget\" data-widget_type=\"image.default\">\n\t\t\t\t<div class=\"elementor-widget-container\">\n\t\t\t\t\t\t\t\t\t\t\t\t\t\t\t\t<a href=\"https:\/\/www.bsigroup.com\/\" target=\"_blank\" rel=\"noopener\">\n\t\t\t\t\t\t\t<img loading=\"lazy\" decoding=\"async\" width=\"314\" height=\"193\" src=\"https:\/\/www.sit-con.com\/wp-content\/uploads\/2024\/08\/bsi.webp\" class=\"attachment-large size-large wp-image-385\" alt=\"\" srcset=\"https:\/\/www.sit-con.com\/wp-content\/uploads\/2024\/08\/bsi.webp 314w, https:\/\/www.sit-con.com\/wp-content\/uploads\/2024\/08\/bsi-300x184.webp 300w\" sizes=\"(max-width: 314px) 100vw, 314px\" \/>\t\t\t\t\t\t\t\t<\/a>\n\t\t\t\t\t\t\t\t\t\t\t\t\t\t\t<\/div>\n\t\t\t\t<\/div>\n\t\t\t\t<\/div>\n\t\t\t\t<div class=\"elementor-element elementor-element-ae47184 elementor-align-center elementor-widget elementor-widget-button\" data-id=\"ae47184\" data-element_type=\"widget\" data-widget_type=\"button.default\">\n\t\t\t\t<div class=\"elementor-widget-container\">\n\t\t\t\t\t\t\t\t\t<div class=\"elementor-button-wrapper\">\n\t\t\t\t\t<a class=\"elementor-button elementor-button-link elementor-size-sm\" href=\"\/en\/ueber-uns\/\">\n\t\t\t\t\t\t<span class=\"elementor-button-content-wrapper\">\n\t\t\t\t\t\t\t\t\t<span class=\"elementor-button-text\">learn more<\/span>\n\t\t\t\t\t<\/span>\n\t\t\t\t\t<\/a>\n\t\t\t\t<\/div>\n\t\t\t\t\t\t\t\t<\/div>\n\t\t\t\t<\/div>\n\t\t\t\t\t<\/div>\n\t\t\t\t<\/div>\n\t\t\t\t<\/div>","protected":false},"excerpt":{"rendered":"<p>Spezialisierte Beratung auf Lotterien &amp; Gl\u00fccksspiel sowie Informationssicherheit Wir bieten integrierte und individuell angepasste Services, um Ihre Gesch\u00e4ftsziele effizient und vor allem sicher zu erreichen. Unsere Dienstleistungen Unser international t\u00e4tiges Unternehmen bietet \u2013 entweder direkt oder mit qualifizierten Partnern \u2013 Dienstleistungen in den Bereichen: Lotterie- &amp; Gl\u00fccksspielbranche Unabh\u00e4ngige, professionelle Beratung und Dienstleistungen in der Lotterie- [&hellip;]<\/p>\n","protected":false},"author":1,"featured_media":0,"parent":0,"menu_order":0,"comment_status":"closed","ping_status":"closed","template":"elementor_header_footer","meta":{"two_page_speed":[],"footnotes":""},"class_list":["post-10","page","type-page","status-publish","hentry"],"_links":{"self":[{"href":"https:\/\/www.sit-con.com\/en\/wp-json\/wp\/v2\/pages\/10","targetHints":{"allow":["GET"]}}],"collection":[{"href":"https:\/\/www.sit-con.com\/en\/wp-json\/wp\/v2\/pages"}],"about":[{"href":"https:\/\/www.sit-con.com\/en\/wp-json\/wp\/v2\/types\/page"}],"author":[{"embeddable":true,"href":"https:\/\/www.sit-con.com\/en\/wp-json\/wp\/v2\/users\/1"}],"replies":[{"embeddable":true,"href":"https:\/\/www.sit-con.com\/en\/wp-json\/wp\/v2\/comments?post=10"}],"version-history":[{"count":235,"href":"https:\/\/www.sit-con.com\/en\/wp-json\/wp\/v2\/pages\/10\/revisions"}],"predecessor-version":[{"id":1147,"href":"https:\/\/www.sit-con.com\/en\/wp-json\/wp\/v2\/pages\/10\/revisions\/1147"}],"wp:attachment":[{"href":"https:\/\/www.sit-con.com\/en\/wp-json\/wp\/v2\/media?parent=10"}],"curies":[{"name":"wp","href":"https:\/\/api.w.org\/{rel}","templated":true}]}}